{"id":16,"date":"2024-04-26T14:10:25","date_gmt":"2024-04-26T12:10:25","guid":{"rendered":"https:\/\/moduprotect.com\/?page_id=16"},"modified":"2024-04-26T14:36:51","modified_gmt":"2024-04-26T12:36:51","slug":"w-budowie","status":"publish","type":"page","link":"https:\/\/moduprotect.com\/","title":{"rendered":"W budowie"},"content":{"rendered":"<style>.kb-row-layout-id16_b57cb0-84 > .kt-row-column-wrap{align-content:center;}:where(.kb-row-layout-id16_b57cb0-84 > .kt-row-column-wrap) > .wp-block-kadence-column{justify-content:center;}.kb-row-layout-id16_b57cb0-84 > .kt-row-column-wrap{column-gap:var(--global-kb-gap-md, 2rem);row-gap:var(--global-kb-gap-md, 2rem);max-width:80%;margin-left:auto;margin-right:auto;padding-top:var(--global-kb-spacing-sm, 1.5rem);padding-bottom:var(--global-kb-spacing-sm, 1.5rem);min-height:100vh;grid-template-columns:minmax(0, 1fr);}.kb-row-layout-id16_b57cb0-84{background-image:url('https:\/\/moduprotect.com\/wp-content\/uploads\/2024\/04\/moduhale-2.jpg');background-size:cover;background-position:center center;background-attachment:scroll;background-repeat:no-repeat;}.kb-row-layout-id16_b57cb0-84 > .kt-row-layout-overlay{opacity:0.30;background-color:#000000;}@media all and (max-width: 1024px){.kb-row-layout-id16_b57cb0-84 > .kt-row-column-wrap{max-width:98%;margin-left:auto;margin-right:auto;grid-template-columns:minmax(0, 1fr);}}@media all and (max-width: 767px){.kb-row-layout-id16_b57cb0-84 > .kt-row-column-wrap{grid-template-columns:minmax(0, 1fr);}}<\/style><div class=\"kb-row-layout-wrap kb-row-layout-id16_b57cb0-84 alignnone kt-row-has-bg wp-block-kadence-rowlayout\"><div class=\"kt-row-layout-overlay kt-row-overlay-normal\"><\/div><div class=\"kt-row-column-wrap kt-has-1-columns kt-row-layout-equal kt-tab-layout-inherit kt-mobile-layout-row kt-row-valign-middle kt-inner-column-height-full\">\n<style>.kadence-column16_16f5dd-ec > .kt-inside-inner-col,.kadence-column16_16f5dd-ec > .kt-inside-inner-col:before{border-top-left-radius:0px;border-top-right-radius:0px;border-bottom-right-radius:0px;border-bottom-left-radius:0px;}.kadence-column16_16f5dd-ec > .kt-inside-inner-col{column-gap:var(--global-kb-gap-sm, 1rem);}.kadence-column16_16f5dd-ec > .kt-inside-inner-col{flex-direction:column;}.kadence-column16_16f5dd-ec > .kt-inside-inner-col > .aligncenter{width:100%;}.kadence-column16_16f5dd-ec > .kt-inside-inner-col:before{opacity:0.3;}.kadence-column16_16f5dd-ec{position:relative;}@media all and (max-width: 1024px){.kadence-column16_16f5dd-ec > .kt-inside-inner-col{flex-direction:column;}}@media all and (max-width: 767px){.kadence-column16_16f5dd-ec > .kt-inside-inner-col{flex-direction:column;}}<\/style>\n<div class=\"wp-block-kadence-column kadence-column16_16f5dd-ec\" data-aos=\"fade\" data-aos-delay=\"200\"><div class=\"kt-inside-inner-col\"><style>.kadence-column16_10145c-35 > .kt-inside-inner-col{display:flex;}.kadence-column16_10145c-35 > .kt-inside-inner-col{padding-top:var(--global-kb-spacing-lg, 3rem);padding-right:var(--global-kb-spacing-lg, 3rem);padding-bottom:var(--global-kb-spacing-lg, 3rem);padding-left:var(--global-kb-spacing-lg, 3rem);}.kadence-column16_10145c-35 > .kt-inside-inner-col,.kadence-column16_10145c-35 > .kt-inside-inner-col:before{border-top-left-radius:0px;border-top-right-radius:0px;border-bottom-right-radius:0px;border-bottom-left-radius:0px;}.kadence-column16_10145c-35 > .kt-inside-inner-col{column-gap:var(--global-kb-gap-sm, 1rem);}.kadence-column16_10145c-35 > .kt-inside-inner-col{flex-direction:column;justify-content:center;align-items:center;}.kadence-column16_10145c-35 > .kt-inside-inner-col > .kb-image-is-ratio-size{align-self:stretch;}.kadence-column16_10145c-35 > .kt-inside-inner-col > .wp-block-kadence-advancedgallery{align-self:stretch;}.kadence-column16_10145c-35 > .kt-inside-inner-col > .aligncenter{width:100%;}.kt-row-column-wrap > .kadence-column16_10145c-35{align-self:center;}.kt-inner-column-height-full:not(.kt-has-1-columns) > .wp-block-kadence-column.kadence-column16_10145c-35{align-self:auto;}.kt-inner-column-height-full:not(.kt-has-1-columns) > .wp-block-kadence-column.kadence-column16_10145c-35 > .kt-inside-inner-col{flex-direction:column;justify-content:center;}.kadence-column16_10145c-35 > .kt-inside-inner-col:before{opacity:0.3;}.kadence-column16_10145c-35{position:relative;}@media all and (max-width: 1024px){.kadence-column16_10145c-35 > .kt-inside-inner-col{padding-top:var(--global-kb-spacing-sm, 1.5rem);padding-right:var(--global-kb-spacing-sm, 1.5rem);padding-bottom:var(--global-kb-spacing-sm, 1.5rem);padding-left:var(--global-kb-spacing-sm, 1.5rem);flex-direction:column;align-items:center;}}@media all and (max-width: 1024px){.kt-row-column-wrap > .kadence-column16_10145c-35{align-self:center;}}@media all and (max-width: 1024px){.kt-inner-column-height-full:not(.kt-has-1-columns) > .wp-block-kadence-column.kadence-column16_10145c-35{align-self:auto;}}@media all and (max-width: 1024px){.kt-inner-column-height-full:not(.kt-has-1-columns) > .wp-block-kadence-column.kadence-column16_10145c-35 > .kt-inside-inner-col{flex-direction:column;justify-content:center;}}@media all and (max-width: 767px){.kt-row-column-wrap > .kadence-column16_10145c-35{align-self:center;}.kt-inner-column-height-full:not(.kt-has-1-columns) > .wp-block-kadence-column.kadence-column16_10145c-35{align-self:auto;}.kt-inner-column-height-full:not(.kt-has-1-columns) > .wp-block-kadence-column.kadence-column16_10145c-35 > .kt-inside-inner-col{flex-direction:column;justify-content:center;}.kadence-column16_10145c-35 > .kt-inside-inner-col{flex-direction:column;align-items:center;}}.kadence-column16_10145c-35 {background: rgba( 0, 0, 0, 0.35 );box-shadow: 0 8px 32px 0 rgba( 11, 18, 35, 0.37 );backdrop-filter: blur( 4px );-webkit-backdrop-filter: blur( 4px );border-radius: 10px;border: 1px solid rgba( 255, 255, 255, 0.18 );}<\/style>\n<div class=\"wp-block-kadence-column kadence-column16_10145c-35\"><div class=\"kt-inside-inner-col\"><style>.kb-image16_a9b795-34.kb-image-is-ratio-size, .kb-image16_a9b795-34 .kb-image-is-ratio-size{max-width:500px;width:100%;}.wp-block-kadence-column > .kt-inside-inner-col > .kb-image16_a9b795-34.kb-image-is-ratio-size, .wp-block-kadence-column > .kt-inside-inner-col > .kb-image16_a9b795-34 .kb-image-is-ratio-size{align-self:unset;}.kb-image16_a9b795-34 figure{max-width:500px;}.kb-image16_a9b795-34 .image-is-svg, .kb-image16_a9b795-34 .image-is-svg img{width:100%;}.kb-image16_a9b795-34 .kb-image-has-overlay:after{opacity:0.3;}<\/style>\n<div class=\"wp-block-kadence-image kb-image16_a9b795-34\" data-aos=\"fade-down\" data-aos-duration=\"1200\" data-aos-delay=\"400\" data-aos-easing=\"ease-in-quart\"><figure class=\"aligncenter size-full\"><a href=\"https:\/\/moduprotect.com\" class=\"kb-advanced-image-link\"><img loading=\"lazy\" decoding=\"async\" width=\"984\" height=\"235\" src=\"https:\/\/moduprotect.com\/wp-content\/uploads\/2024\/04\/ModuProtect_white.png\" alt=\"\" class=\"kb-img wp-image-26\" srcset=\"https:\/\/moduprotect.com\/wp-content\/uploads\/2024\/04\/ModuProtect_white.png 984w, https:\/\/moduprotect.com\/wp-content\/uploads\/2024\/04\/ModuProtect_white-300x72.png 300w, https:\/\/moduprotect.com\/wp-content\/uploads\/2024\/04\/ModuProtect_white-768x183.png 768w\" sizes=\"auto, (max-width: 984px) 100vw, 984px\" \/><\/a><\/figure><\/div>\n\n\n<style>.wp-block-kadence-advancedheading.kt-adv-heading16_a530e2-94, .wp-block-kadence-advancedheading.kt-adv-heading16_a530e2-94[data-kb-block=\"kb-adv-heading16_a530e2-94\"]{text-align:center;font-size:var(--global-kb-font-size-md, 1.25rem);font-style:normal;text-shadow:1px 1px 3px rgba(0,0,0,0.63);}.wp-block-kadence-advancedheading.kt-adv-heading16_a530e2-94 mark.kt-highlight, .wp-block-kadence-advancedheading.kt-adv-heading16_a530e2-94[data-kb-block=\"kb-adv-heading16_a530e2-94\"] mark.kt-highlight{font-style:normal;color:#f76a0c;padding-top:0px;padding-right:0px;padding-bottom:0px;padding-left:0px;}<\/style>\n<p class=\"kt-adv-heading16_a530e2-94 wp-block-kadence-advancedheading has-theme-palette-9-color has-text-color\" data-kb-block=\"kb-adv-heading16_a530e2-94\" data-aos=\"fade-up\" data-aos-duration=\"1200\" data-aos-delay=\"800\" data-aos-easing=\"ease-in-quad\">MODU PROTECT to do\u015bwiadczony wykonawca oferuj\u0105cy szeroki wachlarz prac budowlanych. Zajmiemy si\u0119 rozbudowami, przebudowami i wzmocnieniami istniej\u0105cych budynk\u00f3w, a tak\u017ce pracami ziemnymi, fundamentowymi i rozbi\u00f3rkowymi. Dostarczymy komponenty: drzwi, okna, bramy, na\u015bwietla oraz przeprowadzimy przegl\u0105dy okresowe budynk\u00f3w. Z powodzeniem zrealizujemy ka\u017cdy projekt, kt\u00f3ry nam powierzysz.<\/p>\n\n\n<style>.kadence-column16_75b63b-82 > .kt-inside-inner-col{display:flex;}.kadence-column16_75b63b-82 > .kt-inside-inner-col,.kadence-column16_75b63b-82 > .kt-inside-inner-col:before{border-top-left-radius:0px;border-top-right-radius:0px;border-bottom-right-radius:0px;border-bottom-left-radius:0px;}.kadence-column16_75b63b-82 > .kt-inside-inner-col{column-gap:var(--global-kb-gap-sm, 1rem);}.kadence-column16_75b63b-82 > .kt-inside-inner-col{flex-direction:column;justify-content:center;align-items:center;}.kadence-column16_75b63b-82 > .kt-inside-inner-col > .kb-image-is-ratio-size{align-self:stretch;}.kadence-column16_75b63b-82 > .kt-inside-inner-col > .wp-block-kadence-advancedgallery{align-self:stretch;}.kadence-column16_75b63b-82 > .kt-inside-inner-col > .aligncenter{width:100%;}.kt-row-column-wrap > .kadence-column16_75b63b-82{align-self:center;}.kt-inner-column-height-full:not(.kt-has-1-columns) > .wp-block-kadence-column.kadence-column16_75b63b-82{align-self:auto;}.kt-inner-column-height-full:not(.kt-has-1-columns) > .wp-block-kadence-column.kadence-column16_75b63b-82 > .kt-inside-inner-col{flex-direction:column;justify-content:center;}.kadence-column16_75b63b-82 > .kt-inside-inner-col:before{opacity:0.3;}.kadence-column16_75b63b-82{position:relative;}@media all and (max-width: 1024px){.kt-row-column-wrap > .kadence-column16_75b63b-82{align-self:center;}}@media all and (max-width: 1024px){.kt-inner-column-height-full:not(.kt-has-1-columns) > .wp-block-kadence-column.kadence-column16_75b63b-82{align-self:auto;}}@media all and (max-width: 1024px){.kt-inner-column-height-full:not(.kt-has-1-columns) > .wp-block-kadence-column.kadence-column16_75b63b-82 > .kt-inside-inner-col{flex-direction:column;justify-content:center;}}@media all and (max-width: 1024px){.kadence-column16_75b63b-82 > .kt-inside-inner-col{flex-direction:column;align-items:center;}}@media all and (max-width: 767px){.kt-row-column-wrap > .kadence-column16_75b63b-82{align-self:center;}.kt-inner-column-height-full:not(.kt-has-1-columns) > .wp-block-kadence-column.kadence-column16_75b63b-82{align-self:auto;}.kt-inner-column-height-full:not(.kt-has-1-columns) > .wp-block-kadence-column.kadence-column16_75b63b-82 > .kt-inside-inner-col{flex-direction:column;justify-content:center;}.kadence-column16_75b63b-82 > .kt-inside-inner-col{flex-direction:column;align-items:center;}}<\/style>\n<div class=\"wp-block-kadence-column kadence-column16_75b63b-82\" data-aos=\"fade-up\" data-aos-duration=\"1200\" data-aos-delay=\"1000\" data-aos-easing=\"ease-in-quad\"><div class=\"kt-inside-inner-col\"><style>.wp-block-kadence-iconlist.kt-svg-icon-list-items16_8276ac-4e:not(.this-stops-third-party-issues){margin-top:0px;margin-bottom:0px;}.wp-block-kadence-iconlist.kt-svg-icon-list-items16_8276ac-4e ul.kt-svg-icon-list:not(.this-prevents-issues):not(.this-stops-third-party-issues):not(.tijsloc){margin-top:0px;margin-right:0px;margin-bottom:var(--global-kb-spacing-sm, 1.5rem);margin-left:0px;}.wp-block-kadence-iconlist.kt-svg-icon-list-items16_8276ac-4e ul.kt-svg-icon-list{grid-row-gap:5px;}.wp-block-kadence-iconlist.kt-svg-icon-list-items16_8276ac-4e ul.kt-svg-icon-list .kt-svg-icon-list-item-wrap .kt-svg-icon-list-single{margin-right:10px;}.kt-svg-icon-list-items16_8276ac-4e ul.kt-svg-icon-list .kt-svg-icon-list-item-wrap, .kt-svg-icon-list-items16_8276ac-4e ul.kt-svg-icon-list .kt-svg-icon-list-item-wrap a{color:var(--global-palette9, #ffffff);font-size:var(--global-kb-font-size-md, 1.25rem);color:var(--global-palette9, #ffffff);}.kt-svg-icon-list-items16_8276ac-4e ul.kt-svg-icon-list .kt-svg-icon-list-level-0 .kt-svg-icon-list-single svg{font-size:20px;}.wp-block-kadence-iconlist.kt-svg-icon-list-items16_8276ac-4e .wp-block-kadence-listitem>a{text-decoration:none;}<\/style>\n<div class=\"wp-block-kadence-iconlist kt-svg-icon-list-items kt-svg-icon-list-items16_8276ac-4e kt-svg-icon-list-columns-1 aligncenter\"><ul class=\"kt-svg-icon-list\"><style>.kt-svg-icon-list-item-16_78f9fd-88 .kt-svg-icon-list-single{color:var(--global-palette1, #3182CE) !important;}<\/style>\n<li class=\"wp-block-kadence-listitem kt-svg-icon-list-item-wrap kt-svg-icon-list-item-16_78f9fd-88\"><a href=\"mailto:protect@modutechnic.com\" class=\"kt-svg-icon-link\"><span class=\"kb-svg-icon-wrap kb-svg-icon-fe_mail kt-svg-icon-list-single\"><svg viewBox=\"0 0 24 24\"  fill=\"none\" stroke=\"currentColor\" stroke-width=\"2\" stroke-linecap=\"round\" stroke-linejoin=\"round\" xmlns=\"http:\/\/www.w3.org\/2000\/svg\"  aria-hidden=\"true\"><path d=\"M4 4h16c1.1 0 2 .9 2 2v12c0 1.1-.9 2-2 2H4c-1.1 0-2-.9-2-2V6c0-1.1.9-2 2-2z\"\/><polyline points=\"22,6 12,13 2,6\"\/><\/svg><\/span><span class=\"kt-svg-icon-list-text\">protect@modutechnic.com<\/span><\/a><\/li>\n<\/ul><\/div>\n<\/div><\/div>\n<\/div><\/div>\n<\/div><\/div>\n\n<\/div><\/div>","protected":false},"excerpt":{"rendered":"<p>MODU PROTECT to do\u015bwiadczony wykonawca oferuj\u0105cy szeroki wachlarz prac budowlanych. Zajmiemy si\u0119 rozbudowami, przebudowami i wzmocnieniami istniej\u0105cych budynk\u00f3w, a tak\u017ce pracami ziemnymi, fundamentowymi i rozbi\u00f3rkowymi. Dostarczymy komponenty: drzwi, okna, bramy, na\u015bwietla oraz przeprowadzimy przegl\u0105dy okresowe budynk\u00f3w. Z powodzeniem zrealizujemy ka\u017cdy projekt, kt\u00f3ry nam powierzysz.<\/p>\n","protected":false},"author":1,"featured_media":0,"parent":0,"menu_order":0,"comment_status":"closed","ping_status":"closed","template":"","meta":{"_kad_blocks_custom_css":"","_kad_blocks_head_custom_js":"","_kad_blocks_body_custom_js":"","_kad_blocks_footer_custom_js":"","_kad_post_transparent":"disable","_kad_post_title":"hide","_kad_post_layout":"fullwidth","_kad_post_sidebar_id":"","_kad_post_content_style":"unboxed","_kad_post_vertical_padding":"hide","_kad_post_feature":"hide","_kad_post_feature_position":"","_kad_post_header":true,"_kad_post_footer":true,"footnotes":""},"class_list":["post-16","page","type-page","status-publish","hentry"],"taxonomy_info":[],"featured_image_src_large":false,"author_info":{"display_name":"michal","author_link":"https:\/\/moduprotect.com\/index.php\/author\/michal\/"},"comment_info":0,"_links":{"self":[{"href":"https:\/\/moduprotect.com\/index.php\/wp-json\/wp\/v2\/pages\/16","targetHints":{"allow":["GET"]}}],"collection":[{"href":"https:\/\/moduprotect.com\/index.php\/wp-json\/wp\/v2\/pages"}],"about":[{"href":"https:\/\/moduprotect.com\/index.php\/wp-json\/wp\/v2\/types\/page"}],"author":[{"embeddable":true,"href":"https:\/\/moduprotect.com\/index.php\/wp-json\/wp\/v2\/users\/1"}],"replies":[{"embeddable":true,"href":"https:\/\/moduprotect.com\/index.php\/wp-json\/wp\/v2\/comments?post=16"}],"version-history":[{"count":15,"href":"https:\/\/moduprotect.com\/index.php\/wp-json\/wp\/v2\/pages\/16\/revisions"}],"predecessor-version":[{"id":41,"href":"https:\/\/moduprotect.com\/index.php\/wp-json\/wp\/v2\/pages\/16\/revisions\/41"}],"wp:attachment":[{"href":"https:\/\/moduprotect.com\/index.php\/wp-json\/wp\/v2\/media?parent=16"}],"curies":[{"name":"wp","href":"https:\/\/api.w.org\/{rel}","templated":true}]}}